{"id":103,"date":"2018-11-27T18:11:13","date_gmt":"2018-11-27T17:11:13","guid":{"rendered":"http:\/\/whalesong.fr\/?page_id=103"},"modified":"2020-05-23T19:10:33","modified_gmt":"2020-05-23T17:10:33","slug":"mon-compte","status":"publish","type":"page","link":"https:\/\/whalesong.fr\/en\/mon-compte\/","title":{"rendered":"MY ACCOUNT"},"content":{"rendered":"<p>&nbsp;<\/p>\n<!--themify_builder_content-->\n<div id=\"themify_builder_content-103\" data-postid=\"103\" class=\"themify_builder_content themify_builder_content-103 themify_builder tf_clear\">\n                    <div  data-lazy=\"1\" class=\"module_row themify_builder_row tb_4rwd8 tb_first tf_w\">\n                        <div class=\"row_inner col_align_top tb_col_count_1 tf_box tf_rel\">\n                        <div  data-lazy=\"1\" class=\"module_column tb-column col-full tb_fr9u9 first\">\n                    <!-- module text -->\n<div  class=\"module module-text tb_wazt851\" data-lazy=\"1\">\n        <div  class=\"tb_text_wrap\">\n        <div class=\"woocommerce\"><\/div>    <\/div>\n<\/div>\n<!-- \/module text -->        <\/div>\n                        <\/div>\n        <\/div>\n        <\/div>\n<!--\/themify_builder_content-->","protected":false},"excerpt":{"rendered":"<p>&nbsp;<\/p>","protected":false},"author":2,"featured_media":0,"parent":0,"menu_order":0,"comment_status":"closed","ping_status":"closed","template":"","meta":{"_monsterinsights_skip_tracking":false,"_monsterinsights_sitenote_active":false,"_monsterinsights_sitenote_note":"","_monsterinsights_sitenote_category":0,"footnotes":""},"class_list":["post-103","page","type-page","status-publish","hentry","has-post-title","has-post-date","has-post-category","has-post-tag","has-post-comment","has-post-author",""],"yoast_head":"<!-- This site is optimized with the Yoast SEO plugin v27.3 - https:\/\/yoast.com\/product\/yoast-seo-wordpress\/ -->\n<title>MON COMPTE - WhaleSong<\/title>\n<meta name=\"description\" content=\"Votre compte client sur notre site Whalesong me permet de g\u00e9rer les pr\u00e9f\u00e9rences, l&#039;historique des commandes, modifier votre mot de passe...\" \/>\n<meta name=\"robots\" content=\"index, follow, max-snippet:-1, max-image-preview:large, max-video-preview:-1\" \/>\n<link rel=\"canonical\" href=\"https:\/\/whalesong.fr\/en\/mon-compte\/\" \/>\n<meta property=\"og:locale\" content=\"en_GB\" \/>\n<meta property=\"og:type\" content=\"article\" \/>\n<meta property=\"og:title\" content=\"MON COMPTE - WhaleSong\" \/>\n<meta property=\"og:description\" content=\"Votre compte client sur notre site Whalesong me permet de g\u00e9rer les pr\u00e9f\u00e9rences, l&#039;historique des commandes, modifier votre mot de passe...\" \/>\n<meta property=\"og:url\" content=\"https:\/\/whalesong.fr\/en\/mon-compte\/\" \/>\n<meta property=\"og:site_name\" content=\"WhaleSong\" \/>\n<meta property=\"article:publisher\" content=\"https:\/\/www.facebook.com\/WhaleSong-167444370831693\" \/>\n<meta property=\"article:modified_time\" content=\"2020-05-23T17:10:33+00:00\" \/>\n<meta property=\"og:image\" content=\"https:\/\/whalesong.fr\/wp-content\/uploads\/2020\/05\/doc-marie-creme-cheveux-mouilles-1.jpg\" \/>\n\t<meta property=\"og:image:width\" content=\"2000\" \/>\n\t<meta property=\"og:image:height\" content=\"1500\" \/>\n\t<meta property=\"og:image:type\" content=\"image\/jpeg\" \/>\n<meta name=\"twitter:card\" content=\"summary_large_image\" \/>\n<script type=\"application\/ld+json\" class=\"yoast-schema-graph\">{\"@context\":\"https:\\\/\\\/schema.org\",\"@graph\":[{\"@type\":\"WebPage\",\"@id\":\"https:\\\/\\\/whalesong.fr\\\/mon-compte\\\/\",\"url\":\"https:\\\/\\\/whalesong.fr\\\/mon-compte\\\/\",\"name\":\"MON COMPTE - WhaleSong\",\"isPartOf\":{\"@id\":\"https:\\\/\\\/whalesong.fr\\\/#website\"},\"datePublished\":\"2018-11-27T17:11:13+00:00\",\"dateModified\":\"2020-05-23T17:10:33+00:00\",\"description\":\"Votre compte client sur notre site Whalesong me permet de g\u00e9rer les pr\u00e9f\u00e9rences, l'historique des commandes, modifier votre mot de passe...\",\"breadcrumb\":{\"@id\":\"https:\\\/\\\/whalesong.fr\\\/mon-compte\\\/#breadcrumb\"},\"inLanguage\":\"en-GB\",\"potentialAction\":[{\"@type\":\"ReadAction\",\"target\":[\"https:\\\/\\\/whalesong.fr\\\/mon-compte\\\/\"]}]},{\"@type\":\"BreadcrumbList\",\"@id\":\"https:\\\/\\\/whalesong.fr\\\/mon-compte\\\/#breadcrumb\",\"itemListElement\":[{\"@type\":\"ListItem\",\"position\":1,\"name\":\"Accueil\",\"item\":\"https:\\\/\\\/whalesong.fr\\\/\"},{\"@type\":\"ListItem\",\"position\":2,\"name\":\"MON COMPTE\"}]},{\"@type\":\"WebSite\",\"@id\":\"https:\\\/\\\/whalesong.fr\\\/#website\",\"url\":\"https:\\\/\\\/whalesong.fr\\\/\",\"name\":\"WhaleSong\",\"description\":\"Ocean Deep Sound Cream\",\"potentialAction\":[{\"@type\":\"SearchAction\",\"target\":{\"@type\":\"EntryPoint\",\"urlTemplate\":\"https:\\\/\\\/whalesong.fr\\\/?s={search_term_string}\"},\"query-input\":{\"@type\":\"PropertyValueSpecification\",\"valueRequired\":true,\"valueName\":\"search_term_string\"}}],\"inLanguage\":\"en-GB\"}]}<\/script>\n<!-- \/ Yoast SEO plugin. -->","yoast_head_json":{"title":"MY ACCOUNT - WhaleSong","description":"Votre compte client sur notre site Whalesong me permet de g\u00e9rer les pr\u00e9f\u00e9rences, l'historique des commandes, modifier votre mot de passe...","robots":{"index":"index","follow":"follow","max-snippet":"max-snippet:-1","max-image-preview":"max-image-preview:large","max-video-preview":"max-video-preview:-1"},"canonical":"https:\/\/whalesong.fr\/en\/mon-compte\/","og_locale":"en_GB","og_type":"article","og_title":"MON COMPTE - WhaleSong","og_description":"Votre compte client sur notre site Whalesong me permet de g\u00e9rer les pr\u00e9f\u00e9rences, l'historique des commandes, modifier votre mot de passe...","og_url":"https:\/\/whalesong.fr\/en\/mon-compte\/","og_site_name":"WhaleSong","article_publisher":"https:\/\/www.facebook.com\/WhaleSong-167444370831693","article_modified_time":"2020-05-23T17:10:33+00:00","og_image":[{"width":2000,"height":1500,"url":"https:\/\/whalesong.fr\/wp-content\/uploads\/2020\/05\/doc-marie-creme-cheveux-mouilles-1.jpg","type":"image\/jpeg"}],"twitter_card":"summary_large_image","schema":{"@context":"https:\/\/schema.org","@graph":[{"@type":"WebPage","@id":"https:\/\/whalesong.fr\/mon-compte\/","url":"https:\/\/whalesong.fr\/mon-compte\/","name":"MY ACCOUNT - WhaleSong","isPartOf":{"@id":"https:\/\/whalesong.fr\/#website"},"datePublished":"2018-11-27T17:11:13+00:00","dateModified":"2020-05-23T17:10:33+00:00","description":"Votre compte client sur notre site Whalesong me permet de g\u00e9rer les pr\u00e9f\u00e9rences, l'historique des commandes, modifier votre mot de passe...","breadcrumb":{"@id":"https:\/\/whalesong.fr\/mon-compte\/#breadcrumb"},"inLanguage":"en-GB","potentialAction":[{"@type":"ReadAction","target":["https:\/\/whalesong.fr\/mon-compte\/"]}]},{"@type":"BreadcrumbList","@id":"https:\/\/whalesong.fr\/mon-compte\/#breadcrumb","itemListElement":[{"@type":"ListItem","position":1,"name":"Accueil","item":"https:\/\/whalesong.fr\/"},{"@type":"ListItem","position":2,"name":"MON COMPTE"}]},{"@type":"WebSite","@id":"https:\/\/whalesong.fr\/#website","url":"https:\/\/whalesong.fr\/","name":"WhaleSong","description":"Ocean Deep Sound Cream","potentialAction":[{"@type":"SearchAction","target":{"@type":"EntryPoint","urlTemplate":"https:\/\/whalesong.fr\/?s={search_term_string}"},"query-input":{"@type":"PropertyValueSpecification","valueRequired":true,"valueName":"search_term_string"}}],"inLanguage":"en-GB"}]}},"builder_content":"<p>[woocommerce_my_account]<\/p>","_links":{"self":[{"href":"https:\/\/whalesong.fr\/en\/wp-json\/wp\/v2\/pages\/103","targetHints":{"allow":["GET"]}}],"collection":[{"href":"https:\/\/whalesong.fr\/en\/wp-json\/wp\/v2\/pages"}],"about":[{"href":"https:\/\/whalesong.fr\/en\/wp-json\/wp\/v2\/types\/page"}],"author":[{"embeddable":true,"href":"https:\/\/whalesong.fr\/en\/wp-json\/wp\/v2\/users\/2"}],"replies":[{"embeddable":true,"href":"https:\/\/whalesong.fr\/en\/wp-json\/wp\/v2\/comments?post=103"}],"version-history":[{"count":0,"href":"https:\/\/whalesong.fr\/en\/wp-json\/wp\/v2\/pages\/103\/revisions"}],"wp:attachment":[{"href":"https:\/\/whalesong.fr\/en\/wp-json\/wp\/v2\/media?parent=103"}],"curies":[{"name":"wp","href":"https:\/\/api.w.org\/{rel}","templated":true}]}}