{"id":384,"date":"2019-06-16T11:58:05","date_gmt":"2019-06-16T09:58:05","guid":{"rendered":"https:\/\/whalesong.fr\/?page_id=384"},"modified":"2020-05-24T13:25:32","modified_gmt":"2020-05-24T11:25:32","slug":"contact","status":"publish","type":"page","link":"https:\/\/whalesong.fr\/en\/contact\/","title":{"rendered":"CONTACT"},"content":{"rendered":"<!--themify_builder_content-->\n<div id=\"themify_builder_content-384\" data-postid=\"384\" class=\"themify_builder_content themify_builder_content-384 themify_builder tf_clear\">\n                    <div  data-lazy=\"1\" class=\"module_row themify_builder_row tb_wgpt2 tb_first tf_w\">\n                        <div class=\"row_inner col_align_top tb_col_count_1 tf_box tf_rel\">\n                        <div  data-lazy=\"1\" class=\"module_column tb-column col-full tb_ytl23 first\">\n                    <!-- module text -->\n<div  class=\"module module-text tb_4kp6840\" data-lazy=\"1\">\n        <div  class=\"tb_text_wrap\">\n        <h1>CONTACT<\/h1><p>DEEP OCEAN COSMETICS SAS<br \/>97 Sauveur Street Tobelem<br \/>13007 MARSEILLE<\/p><p>Vous avez le moindre doute, une question, n&rsquo;h\u00e9sitez pas \u00e0 nous contacter en utilisant le formulaire ci-dessous.<\/p><p>Thank you.<\/p><p>L&rsquo;\u00e9quipe Deep Ocean Cosmetics<\/p>    <\/div>\n<\/div>\n<!-- \/module text --><!-- module contact -->\n<div  id=\"tb_7k32479\" class=\"module module-contact tb_7k32479 contact-animated-label\" data-lazy=\"1\">\n    \n\t<form class=\"builder-contact\"\n\t\tid=\"tb_7k32479-form\"\n\t\tmethod=\"post\"\n\t\tdata-post-id=\"384\"\n\t\tdata-element-id=\"7k32479\"\n\t\tdata-orig-id=\"384\" action=\"\"\n\t>\n    <div class=\"contact-message\"><\/div>\n\t<input type=\"hidden\" id=\"bc_nonce\" name=\"bc_nonce\" value=\"69cf1451a2\" \/><input type=\"hidden\" name=\"_wp_http_referer\" value=\"\/en\/wp-json\/wp\/v2\/pages\/384\" \/>\t<div class=\"builder-contact-fields tf_rel\">\n\t\t    \t\t    <div class=\"builder-contact-field builder-contact-field-name builder-contact-text-field\">\n\t\t\t    <label class=\"control-label\" for=\"tb_7k32479-contact-name\">\n\t\t\t\t\t\t\t\t\t\t<span class=\"tb-label-span\">First and last name <\/span><span class=\"required\">*<\/span>\t\t\t\t<\/label>\n\t\t\t    <div class=\"control-input tf_rel\">\n\t\t\t\t    \t\t\t\t\t    <input type=\"text\" name=\"contact-name\" placeholder=\" \" id=\"tb_7k32479-contact-name\" value=\"\" class=\"form-control\" required>\n\t\t\t\t    \t\t\t\t    \t\t\t\t\t    <span class=\"tb_contact_label\">\n\t\t\t\t\t\t    <span class=\"tb-label-span\">First and last name <\/span><span class=\"required\">*<\/span>\t\t\t\t\t    <\/span>\n\t\t\t\t    \t\t\t    <\/div>\n\t\t<\/div>\n\t    \n\t\t    \t\t    <div class=\"builder-contact-field builder-contact-field-email builder-contact-text-field\">\n\t\t\t    <label class=\"control-label\" for=\"tb_7k32479-contact-email\">\n\t\t\t\t\t\t\t\t\t\t<span class=\"tb-label-span\">Your email <\/span><span class=\"required\">*<\/span>\t\t\t\t<\/label>\n\t\t\t    <div class=\"control-input tf_rel\">\n\t\t\t\t    \t\t\t\t\t    <input type=\"email\" name=\"contact-email\" placeholder=\" \" id=\"tb_7k32479-contact-email\" value=\"\" class=\"form-control\" required>\n\t\t\t\t    \t\t\t\t    \t\t\t\t\t    <span class=\"tb_contact_label\">\n\t\t\t\t\t\t    <span class=\"tb-label-span\">Your email <\/span><span class=\"required\">*<\/span>\t\t\t\t\t    <\/span>\n\t\t\t\t    \t\t\t    <\/div>\n\t\t<\/div>\n\t    \n\t\t    \t\t    <div class=\"builder-contact-field builder-contact-field-message builder-contact-textarea-field\">\n\t\t\t    <label class=\"control-label\" for=\"tb_7k32479-contact-message\">\n\t\t\t\t\t\t\t\t\t\t<span class=\"tb-label-span\">Message <\/span>\t\t\t\t<\/label>\n\t\t\t    <div class=\"control-input tf_rel\">\n\t\t\t\t    \t\t\t\t\t    <textarea name=\"contact-message\" placeholder=\" \" id=\"tb_7k32479-contact-message\" class=\"form-control\"><\/textarea>\n\t\t\t\t    \t\t\t\t    \t\t\t\t\t    <span class=\"tb_contact_label\">\n\t\t\t\t\t\t    <span class=\"tb-label-span\">Message <\/span>\t\t\t\t\t    <\/span>\n\t\t\t\t    \t\t\t    <\/div>\n\t\t<\/div>\n\t    \n\t\t    \t\t\n\t\t\n\t    \t\t\t<div class=\"builder-contact-field builder-contact-field-captcha\">\n\n\t\t\t\t\t\t\t\t\t<label class=\"control-label\">\n\t\t\t\t\t\t<span>Captcha<\/span>\n\t\t\t\t\t\t<span class=\"required\">*<\/span>\n\t\t\t\t\t<\/label>\n\t\t\t\t\n\t\t\t\t<div class=\"control-input tf_rel\">\n                    <div class=\"themify_captcha_field g-recaptcha\" data-sitekey=\"6LeXm_sUAAAAAIJ95_IIn0kg6YvHSD64JBT1Jm74\" data-ver=\"v2\"><\/div>\t\t\t\t<\/div>\n\n\t\t\t<\/div><!-- .builder-contact-field-captcha -->\n\t    \n\t    <div class=\"builder-contact-field builder-contact-field-send control-input tf_textl tf_clear tf_rel\">\n\t\t\t<button type=\"submit\" class=\"btn btn-primary\">\n\t\t\t\t<span class=\"tf_loader\"><\/span>\t\t\t\t<span class=\"tf_submit_icon\"><\/span> \n\t\t\t\tSEND\t\t\t<\/button>\n\t    <\/div>\n\t<\/div>\n    <input type=\"hidden\" name=\"trp-form-language\" value=\"en\"\/><\/form>\n    <\/div>\n<!-- \/module contact -->\n        <\/div>\n                        <\/div>\n        <\/div>\n        <\/div>\n<!--\/themify_builder_content-->","protected":false},"excerpt":{"rendered":"<p>CONTACT DEEP OCEAN COSMETICS SAS 97, rue Sauveur Tobelem 13007 MARSEILLE Vous avez le moindre doute, une question, n&rsquo;h\u00e9sitez pas \u00e0 nosu contacter en utilisant le formulaire ci-dessous. Merci. L&rsquo;\u00e9quipe Deep Ocean Cosmetics Nom et pr\u00e9nom * Votre email * Message * ENVOYER<\/p>","protected":false},"author":2,"featured_media":0,"parent":0,"menu_order":0,"comment_status":"closed","ping_status":"closed","template":"","meta":{"_monsterinsights_skip_tracking":false,"_monsterinsights_sitenote_active":false,"_monsterinsights_sitenote_note":"","_monsterinsights_sitenote_category":0,"footnotes":""},"class_list":["post-384","page","type-page","status-publish","hentry","has-post-title","has-post-date","has-post-category","has-post-tag","has-post-comment","has-post-author",""],"yoast_head":"<!-- This site is optimized with the Yoast SEO plugin v27.3 - https:\/\/yoast.com\/product\/yoast-seo-wordpress\/ -->\n<title>CONTACT - WhaleSong<\/title>\n<meta name=\"description\" content=\"N&#039;h\u00e9sitez pas \u00e0 nous contacter pour toute information concernant l&#039;achat, l&#039;exp\u00e9dition ou nos produits. Nous vous r\u00e9pondrons dans les meilleurs d\u00e9lais.\" \/>\n<meta name=\"robots\" content=\"index, follow, max-snippet:-1, max-image-preview:large, max-video-preview:-1\" \/>\n<link rel=\"canonical\" href=\"https:\/\/whalesong.fr\/en\/contact\/\" \/>\n<meta property=\"og:locale\" content=\"en_GB\" \/>\n<meta property=\"og:type\" content=\"article\" \/>\n<meta property=\"og:title\" content=\"CONTACT - WhaleSong\" \/>\n<meta property=\"og:description\" content=\"N&#039;h\u00e9sitez pas \u00e0 nous contacter pour toute information concernant l&#039;achat, l&#039;exp\u00e9dition ou nos produits. Nous vous r\u00e9pondrons dans les meilleurs d\u00e9lais.\" \/>\n<meta property=\"og:url\" content=\"https:\/\/whalesong.fr\/en\/contact\/\" \/>\n<meta property=\"og:site_name\" content=\"WhaleSong\" \/>\n<meta property=\"article:publisher\" content=\"https:\/\/www.facebook.com\/WhaleSong-167444370831693\" \/>\n<meta property=\"article:modified_time\" content=\"2020-05-24T11:25:32+00:00\" \/>\n<meta property=\"og:image\" content=\"https:\/\/whalesong.fr\/wp-content\/uploads\/2020\/05\/doc-marie-creme-cheveux-mouilles-1.jpg\" \/>\n\t<meta property=\"og:image:width\" content=\"2000\" \/>\n\t<meta property=\"og:image:height\" content=\"1500\" \/>\n\t<meta property=\"og:image:type\" content=\"image\/jpeg\" \/>\n<meta name=\"twitter:card\" content=\"summary_large_image\" \/>\n<script type=\"application\/ld+json\" class=\"yoast-schema-graph\">{\"@context\":\"https:\\\/\\\/schema.org\",\"@graph\":[{\"@type\":\"WebPage\",\"@id\":\"https:\\\/\\\/whalesong.fr\\\/contact\\\/\",\"url\":\"https:\\\/\\\/whalesong.fr\\\/contact\\\/\",\"name\":\"CONTACT - WhaleSong\",\"isPartOf\":{\"@id\":\"https:\\\/\\\/whalesong.fr\\\/#website\"},\"datePublished\":\"2019-06-16T09:58:05+00:00\",\"dateModified\":\"2020-05-24T11:25:32+00:00\",\"description\":\"N'h\u00e9sitez pas \u00e0 nous contacter pour toute information concernant l'achat, l'exp\u00e9dition ou nos produits. Nous vous r\u00e9pondrons dans les meilleurs d\u00e9lais.\",\"breadcrumb\":{\"@id\":\"https:\\\/\\\/whalesong.fr\\\/contact\\\/#breadcrumb\"},\"inLanguage\":\"en-GB\",\"potentialAction\":[{\"@type\":\"ReadAction\",\"target\":[\"https:\\\/\\\/whalesong.fr\\\/contact\\\/\"]}]},{\"@type\":\"BreadcrumbList\",\"@id\":\"https:\\\/\\\/whalesong.fr\\\/contact\\\/#breadcrumb\",\"itemListElement\":[{\"@type\":\"ListItem\",\"position\":1,\"name\":\"Accueil\",\"item\":\"https:\\\/\\\/whalesong.fr\\\/\"},{\"@type\":\"ListItem\",\"position\":2,\"name\":\"CONTACT\"}]},{\"@type\":\"WebSite\",\"@id\":\"https:\\\/\\\/whalesong.fr\\\/#website\",\"url\":\"https:\\\/\\\/whalesong.fr\\\/\",\"name\":\"WhaleSong\",\"description\":\"Ocean Deep Sound Cream\",\"potentialAction\":[{\"@type\":\"SearchAction\",\"target\":{\"@type\":\"EntryPoint\",\"urlTemplate\":\"https:\\\/\\\/whalesong.fr\\\/?s={search_term_string}\"},\"query-input\":{\"@type\":\"PropertyValueSpecification\",\"valueRequired\":true,\"valueName\":\"search_term_string\"}}],\"inLanguage\":\"en-GB\"}]}<\/script>\n<!-- \/ Yoast SEO plugin. -->","yoast_head_json":{"title":"CONTACT - WhaleSong","description":"N'h\u00e9sitez pas \u00e0 nous contacter pour toute information concernant l'achat, l'exp\u00e9dition ou nos produits. Nous vous r\u00e9pondrons dans les meilleurs d\u00e9lais.","robots":{"index":"index","follow":"follow","max-snippet":"max-snippet:-1","max-image-preview":"max-image-preview:large","max-video-preview":"max-video-preview:-1"},"canonical":"https:\/\/whalesong.fr\/en\/contact\/","og_locale":"en_GB","og_type":"article","og_title":"CONTACT - WhaleSong","og_description":"N'h\u00e9sitez pas \u00e0 nous contacter pour toute information concernant l'achat, l'exp\u00e9dition ou nos produits. Nous vous r\u00e9pondrons dans les meilleurs d\u00e9lais.","og_url":"https:\/\/whalesong.fr\/en\/contact\/","og_site_name":"WhaleSong","article_publisher":"https:\/\/www.facebook.com\/WhaleSong-167444370831693","article_modified_time":"2020-05-24T11:25:32+00:00","og_image":[{"width":2000,"height":1500,"url":"https:\/\/whalesong.fr\/wp-content\/uploads\/2020\/05\/doc-marie-creme-cheveux-mouilles-1.jpg","type":"image\/jpeg"}],"twitter_card":"summary_large_image","schema":{"@context":"https:\/\/schema.org","@graph":[{"@type":"WebPage","@id":"https:\/\/whalesong.fr\/contact\/","url":"https:\/\/whalesong.fr\/contact\/","name":"CONTACT - WhaleSong","isPartOf":{"@id":"https:\/\/whalesong.fr\/#website"},"datePublished":"2019-06-16T09:58:05+00:00","dateModified":"2020-05-24T11:25:32+00:00","description":"N'h\u00e9sitez pas \u00e0 nous contacter pour toute information concernant l'achat, l'exp\u00e9dition ou nos produits. Nous vous r\u00e9pondrons dans les meilleurs d\u00e9lais.","breadcrumb":{"@id":"https:\/\/whalesong.fr\/contact\/#breadcrumb"},"inLanguage":"en-GB","potentialAction":[{"@type":"ReadAction","target":["https:\/\/whalesong.fr\/contact\/"]}]},{"@type":"BreadcrumbList","@id":"https:\/\/whalesong.fr\/contact\/#breadcrumb","itemListElement":[{"@type":"ListItem","position":1,"name":"Accueil","item":"https:\/\/whalesong.fr\/"},{"@type":"ListItem","position":2,"name":"CONTACT"}]},{"@type":"WebSite","@id":"https:\/\/whalesong.fr\/#website","url":"https:\/\/whalesong.fr\/","name":"WhaleSong","description":"Ocean Deep Sound Cream","potentialAction":[{"@type":"SearchAction","target":{"@type":"EntryPoint","urlTemplate":"https:\/\/whalesong.fr\/?s={search_term_string}"},"query-input":{"@type":"PropertyValueSpecification","valueRequired":true,"valueName":"search_term_string"}}],"inLanguage":"en-GB"}]}},"builder_content":"<h1>CONTACT<\/h1><p>DEEP OCEAN COSMETICS SAS<br \/>97, rue Sauveur Tobelem<br \/>13007 MARSEILLE<\/p><p>Vous avez le moindre doute, une question, n'h\u00e9sitez pas \u00e0 nous contacter en utilisant le formulaire ci-dessous.<\/p><p>Merci.<\/p><p>L'\u00e9quipe Deep Ocean Cosmetics<\/p>\n<form id=\"tb_7k32479-form\" method=\"post\" data-post-id=\"0\" data-element-id=\"7k32479\" data-orig-id=\"384\" > <input type=\"hidden\" id=\"bc_nonce\" name=\"bc_nonce\" value=\"69cf1451a2\" \/><input type=\"hidden\" name=\"_wp_http_referer\" value=\"\/en\/wp-json\/wp\/v2\/pages\/384\" \/> <label for=\"tb_7k32479-contact-name\"> Nom et pr\u00e9nom * <\/label> <input type=\"text\" name=\"contact-name\" placeholder=\" \" id=\"tb_7k32479-contact-name\" value=\"\" required> Nom et pr\u00e9nom * <label for=\"tb_7k32479-contact-email\"> Votre email * <\/label> <input type=\"email\" name=\"contact-email\" placeholder=\" \" id=\"tb_7k32479-contact-email\" value=\"\" required> Votre email * <label for=\"tb_7k32479-contact-message\"> Message <\/label> <textarea name=\"contact-message\" placeholder=\" \" id=\"tb_7k32479-contact-message\"><\/textarea> Message \n <label> Captcha * <\/label> \n <button type=\"submit\"> ENVOYER <\/button> <\/form>","_links":{"self":[{"href":"https:\/\/whalesong.fr\/en\/wp-json\/wp\/v2\/pages\/384","targetHints":{"allow":["GET"]}}],"collection":[{"href":"https:\/\/whalesong.fr\/en\/wp-json\/wp\/v2\/pages"}],"about":[{"href":"https:\/\/whalesong.fr\/en\/wp-json\/wp\/v2\/types\/page"}],"author":[{"embeddable":true,"href":"https:\/\/whalesong.fr\/en\/wp-json\/wp\/v2\/users\/2"}],"replies":[{"embeddable":true,"href":"https:\/\/whalesong.fr\/en\/wp-json\/wp\/v2\/comments?post=384"}],"version-history":[{"count":0,"href":"https:\/\/whalesong.fr\/en\/wp-json\/wp\/v2\/pages\/384\/revisions"}],"wp:attachment":[{"href":"https:\/\/whalesong.fr\/en\/wp-json\/wp\/v2\/media?parent=384"}],"curies":[{"name":"wp","href":"https:\/\/api.w.org\/{rel}","templated":true}]}}